{"id":24,"date":"2022-12-12T20:32:09","date_gmt":"2022-12-12T20:32:09","guid":{"rendered":"https:\/\/lerumskytte.se\/wp\/?page_id=24"},"modified":"2022-12-28T07:52:36","modified_gmt":"2022-12-28T06:52:36","slug":"pistol","status":"publish","type":"page","link":"https:\/\/lerumskytte.se\/wp\/pistol\/","title":{"rendered":"Pistol"},"content":{"rendered":"<p>Pistolsektionen i Lerums Jaktv\u00e5rds- och Sportskyttef\u00f6rening har ca 50 aktiva skyttar, vi har 20 skjutplatser, liten klubbstuga. Under vinters\u00e4songen har vi, tack vare ett bra samarbete med Lerums Ungdomsskyttar, tillg\u00e5ng till lufthall, och d\u00e4r tr\u00e4nar vi luftpistolsskytte. Det \u00e4r ocks\u00e5 h\u00e4r vi l\u00e5ter v\u00e5ra nya skyttar b\u00f6rja sitt skytte. F\u00f6r att bli medlem i sektionen, kr\u00e4vs att du f\u00f6rst skjuter som Provmedlem\/g\u00e4st under ca 3 m\u00e5nader, d\u00e4refter har du m\u00f6jlighet att s\u00f6ka medlemskap. Kontakta sektionsledaren f\u00f6r vidare information.<\/p>\n<h2 id=\"ContentStart\">F\u00f6r dig som vill b\u00f6rja skjuta pistol<\/h2>\n<div class=\"PageBodyDiv\">\n<p>Vi tar emot nyb\u00f6rjare n\u00e4r m\u00f6jlighet ges (ca 5-6 st\/\u00e5r). Vi b\u00f6rjar ALLTID med luftpistolsskytte, d\u00e4r f\u00e5r du som skytt l\u00e4ra dig bl a s\u00e4kerhet och skjutteknik. Luftpistolsskytte tr\u00e4nar vi inomhus i Lerum. Oftast b\u00f6rjar vi i September\/Oktober, och fram p\u00e5 v\u00e5rkanten kan man f\u00e5 m\u00f6jlighet att prova krutskytte. Vi tar emot ungdomar fr\u00e5n 16\u00e5r och upp\u00e5t.<\/p>\n<div>\n<p>Kurs i Gr\u00f6nt Kort ges 1 g\u00e5ng\/\u00e5r.<\/p>\n<\/div>\n<\/div>\n<p>F\u00f6r mer info kontakta: <a href=\"mailto:pistollerum@gmail.com\">pistollerum@gmail.com<\/a><\/p>\n","protected":false},"excerpt":{"rendered":"<p>Pistolsektionen i Lerums Jaktv\u00e5rds- och Sportskyttef\u00f6rening har ca 50 aktiva [&hellip;]<\/p>\n","protected":false},"author":1,"featured_media":5374,"parent":0,"menu_order":0,"comment_status":"closed","ping_status":"closed","template":"","meta":{"footnotes":""},"class_list":["post-24","page","type-page","status-publish","has-post-thumbnail","hentry"],"_links":{"self":[{"href":"https:\/\/lerumskytte.se\/wp\/wp-json\/wp\/v2\/pages\/24","targetHints":{"allow":["GET"]}}],"collection":[{"href":"https:\/\/lerumskytte.se\/wp\/wp-json\/wp\/v2\/pages"}],"about":[{"href":"https:\/\/lerumskytte.se\/wp\/wp-json\/wp\/v2\/types\/page"}],"author":[{"embeddable":true,"href":"https:\/\/lerumskytte.se\/wp\/wp-json\/wp\/v2\/users\/1"}],"replies":[{"embeddable":true,"href":"https:\/\/lerumskytte.se\/wp\/wp-json\/wp\/v2\/comments?post=24"}],"version-history":[{"count":7,"href":"https:\/\/lerumskytte.se\/wp\/wp-json\/wp\/v2\/pages\/24\/revisions"}],"predecessor-version":[{"id":5380,"href":"https:\/\/lerumskytte.se\/wp\/wp-json\/wp\/v2\/pages\/24\/revisions\/5380"}],"wp:featuredmedia":[{"embeddable":true,"href":"https:\/\/lerumskytte.se\/wp\/wp-json\/wp\/v2\/media\/5374"}],"wp:attachment":[{"href":"https:\/\/lerumskytte.se\/wp\/wp-json\/wp\/v2\/media?parent=24"}],"curies":[{"name":"wp","href":"https:\/\/api.w.org\/{rel}","templated":true}]}}